{"id":14,"date":"2025-05-20T16:03:35","date_gmt":"2025-05-20T16:03:35","guid":{"rendered":"https:\/\/www.melopienso.com\/?page_id=14"},"modified":"2025-11-28T22:34:14","modified_gmt":"2025-11-28T22:34:14","slug":"home","status":"publish","type":"page","link":"https:\/\/www.melopienso.com\/","title":{"rendered":"Home"},"content":{"rendered":"\n<div class=\"wp-block-cover alignfull is-light hestia-clear-top-padding\"><span aria-hidden=\"true\" class=\"wp-block-cover__background has-white-background-color has-background-dim-100 has-background-dim\"><\/span><div class=\"wp-block-cover__inner-container is-layout-flow wp-block-cover-is-layout-flow\">\n<div style=\"height:40px\" aria-hidden=\"true\" class=\"wp-block-spacer\"><\/div>\n\n\n\n<h2 class=\"wp-block-heading has-text-align-center has-text-color\" style=\"color:#3c4858;font-size:48px;font-style:normal;font-weight:400\">Comparador de piensos<\/h2>\n\n\n\n<p class=\"has-text-align-center\" style=\"font-size:18px\">Compara los mejores productos para tu perro o gato<br>Precio, caracter\u00edsticas, piensos especiales\u2026<\/p>\n\n\n\n<div style=\"height:20px\" aria-hidden=\"true\" class=\"wp-block-spacer\"><\/div>\n\n\n\n<div class=\"wp-block-columns container is-layout-flex wp-container-core-columns-is-layout-1146dd41 wp-block-columns-is-layout-flex\" style=\"padding-right:0;padding-left:0\">\n<div class=\"wp-block-column is-layout-flow wp-block-column-is-layout-flow\">\n<div class=\"wp-block-columns is-layout-flex wp-container-core-columns-is-layout-28f84493 wp-block-columns-is-layout-flex\">\n<div class=\"wp-block-column is-layout-flow wp-block-column-is-layout-flow\"><div class=\"wp-block-image\">\n<figure class=\"aligncenter size-full\"><img loading=\"lazy\" decoding=\"async\" width=\"800\" height=\"800\" src=\"https:\/\/www.melopienso.com\/wp-content\/uploads\/2025\/05\/42745_pla_orijen_puppy_dog_8.jpg\" alt=\"\u00a0\u00a0\u00a0\u00a0\u00a0\u00a0Orijen Puppy\" class=\"wp-image-63\" srcset=\"https:\/\/www.melopienso.com\/wp-content\/uploads\/2025\/05\/42745_pla_orijen_puppy_dog_8.jpg 800w, https:\/\/www.melopienso.com\/wp-content\/uploads\/2025\/05\/42745_pla_orijen_puppy_dog_8-300x300.jpg 300w, https:\/\/www.melopienso.com\/wp-content\/uploads\/2025\/05\/42745_pla_orijen_puppy_dog_8-150x150.jpg 150w, https:\/\/www.melopienso.com\/wp-content\/uploads\/2025\/05\/42745_pla_orijen_puppy_dog_8-768x768.jpg 768w\" sizes=\"auto, (max-width: 800px) 100vw, 800px\" \/><figcaption class=\"wp-element-caption\"><strong>&nbsp;&nbsp;&nbsp;&nbsp;&nbsp;&nbsp;Orijen Puppy<\/strong><\/figcaption><\/figure>\n<\/div><\/div>\n\n\n\n<div class=\"wp-block-column is-layout-flow wp-block-column-is-layout-flow\"><div class=\"wp-block-image\">\n<figure class=\"aligncenter size-full\"><img loading=\"lazy\" decoding=\"async\" width=\"800\" height=\"800\" src=\"https:\/\/www.melopienso.com\/wp-content\/uploads\/2025\/05\/61159_PLA_rgb_Royal_Canin_Breed_Pudel_Adult_7_5kg_6.jpg\" alt=\"Royal Canin Caniche Adult\" class=\"wp-image-64\" srcset=\"https:\/\/www.melopienso.com\/wp-content\/uploads\/2025\/05\/61159_PLA_rgb_Royal_Canin_Breed_Pudel_Adult_7_5kg_6.jpg 800w, https:\/\/www.melopienso.com\/wp-content\/uploads\/2025\/05\/61159_PLA_rgb_Royal_Canin_Breed_Pudel_Adult_7_5kg_6-300x300.jpg 300w, https:\/\/www.melopienso.com\/wp-content\/uploads\/2025\/05\/61159_PLA_rgb_Royal_Canin_Breed_Pudel_Adult_7_5kg_6-150x150.jpg 150w, https:\/\/www.melopienso.com\/wp-content\/uploads\/2025\/05\/61159_PLA_rgb_Royal_Canin_Breed_Pudel_Adult_7_5kg_6-768x768.jpg 768w\" sizes=\"auto, (max-width: 800px) 100vw, 800px\" \/><figcaption class=\"wp-element-caption\"><strong>Royal Canin Caniche Adult<\/strong><\/figcaption><\/figure>\n<\/div><\/div>\n\n\n\n<div class=\"wp-block-column is-layout-flow wp-block-column-is-layout-flow\">\n<figure class=\"wp-block-image size-full\"><img loading=\"lazy\" decoding=\"async\" width=\"800\" height=\"800\" src=\"https:\/\/www.melopienso.com\/wp-content\/uploads\/2025\/05\/18591_PLA_Hill_s_Canine_Sensitive_Skin_12_kg_1.jpg\" alt=\"Hill\u2019s Adult Sensitive Skin con pollo\" class=\"wp-image-65\" srcset=\"https:\/\/www.melopienso.com\/wp-content\/uploads\/2025\/05\/18591_PLA_Hill_s_Canine_Sensitive_Skin_12_kg_1.jpg 800w, https:\/\/www.melopienso.com\/wp-content\/uploads\/2025\/05\/18591_PLA_Hill_s_Canine_Sensitive_Skin_12_kg_1-300x300.jpg 300w, https:\/\/www.melopienso.com\/wp-content\/uploads\/2025\/05\/18591_PLA_Hill_s_Canine_Sensitive_Skin_12_kg_1-150x150.jpg 150w, https:\/\/www.melopienso.com\/wp-content\/uploads\/2025\/05\/18591_PLA_Hill_s_Canine_Sensitive_Skin_12_kg_1-768x768.jpg 768w\" sizes=\"auto, (max-width: 800px) 100vw, 800px\" \/><figcaption class=\"wp-element-caption\"><strong>Hill\u2019s Adult Sensitive Skin con pollo<\/strong><\/figcaption><\/figure>\n<\/div>\n<\/div>\n\n\n\n<div style=\"height:20px\" aria-hidden=\"true\" class=\"wp-block-spacer\"><\/div>\n\n\n\n<div class=\"wp-block-columns is-layout-flex wp-container-core-columns-is-layout-28f84493 wp-block-columns-is-layout-flex\">\n<div class=\"wp-block-column is-layout-flow wp-block-column-is-layout-flow\">\n<figure class=\"wp-block-image size-full\"><img loading=\"lazy\" decoding=\"async\" width=\"800\" height=\"800\" src=\"https:\/\/www.melopienso.com\/wp-content\/uploads\/2025\/05\/19462_PLA_Hill_s_Canine_Mature_Adult_Senior_7__Mini___7_5_kg_1.jpg\" alt=\"Hill\u2019s Mature 7+ Mini Active Longevity con pollo\" class=\"wp-image-67\" srcset=\"https:\/\/www.melopienso.com\/wp-content\/uploads\/2025\/05\/19462_PLA_Hill_s_Canine_Mature_Adult_Senior_7__Mini___7_5_kg_1.jpg 800w, https:\/\/www.melopienso.com\/wp-content\/uploads\/2025\/05\/19462_PLA_Hill_s_Canine_Mature_Adult_Senior_7__Mini___7_5_kg_1-300x300.jpg 300w, https:\/\/www.melopienso.com\/wp-content\/uploads\/2025\/05\/19462_PLA_Hill_s_Canine_Mature_Adult_Senior_7__Mini___7_5_kg_1-150x150.jpg 150w, https:\/\/www.melopienso.com\/wp-content\/uploads\/2025\/05\/19462_PLA_Hill_s_Canine_Mature_Adult_Senior_7__Mini___7_5_kg_1-768x768.jpg 768w\" sizes=\"auto, (max-width: 800px) 100vw, 800px\" \/><figcaption class=\"wp-element-caption\"><strong>Hill\u2019s Mature 7+ Mini Active Longevity con pollo<\/strong><\/figcaption><\/figure>\n<\/div>\n\n\n\n<div class=\"wp-block-column is-layout-flow wp-block-column-is-layout-flow\">\n<figure class=\"wp-block-image size-full\"><img loading=\"lazy\" decoding=\"async\" width=\"800\" height=\"800\" src=\"https:\/\/www.melopienso.com\/wp-content\/uploads\/2025\/05\/67208_pla_wildsterne_breed_rhodesian_ridgeback_8.jpg\" alt=\"Wildsterne Breed Selection Rhodesian Ridgeback\" class=\"wp-image-68\" srcset=\"https:\/\/www.melopienso.com\/wp-content\/uploads\/2025\/05\/67208_pla_wildsterne_breed_rhodesian_ridgeback_8.jpg 800w, https:\/\/www.melopienso.com\/wp-content\/uploads\/2025\/05\/67208_pla_wildsterne_breed_rhodesian_ridgeback_8-300x300.jpg 300w, https:\/\/www.melopienso.com\/wp-content\/uploads\/2025\/05\/67208_pla_wildsterne_breed_rhodesian_ridgeback_8-150x150.jpg 150w, https:\/\/www.melopienso.com\/wp-content\/uploads\/2025\/05\/67208_pla_wildsterne_breed_rhodesian_ridgeback_8-768x768.jpg 768w\" sizes=\"auto, (max-width: 800px) 100vw, 800px\" \/><figcaption class=\"wp-element-caption\"><strong>Wildsterne Breed Selection Rhodesian Ridgeback<\/strong><\/figcaption><\/figure>\n<\/div>\n\n\n\n<div class=\"wp-block-column is-layout-flow wp-block-column-is-layout-flow\">\n<figure class=\"wp-block-image size-full\"><img loading=\"lazy\" decoding=\"async\" width=\"800\" height=\"800\" src=\"https:\/\/www.melopienso.com\/wp-content\/uploads\/2025\/05\/67199_pla_wildsterne_breed_golden_retriever_0.jpg\" alt=\"Wildsterne Breed Selection Golden Retriever\" class=\"wp-image-69\" srcset=\"https:\/\/www.melopienso.com\/wp-content\/uploads\/2025\/05\/67199_pla_wildsterne_breed_golden_retriever_0.jpg 800w, https:\/\/www.melopienso.com\/wp-content\/uploads\/2025\/05\/67199_pla_wildsterne_breed_golden_retriever_0-300x300.jpg 300w, https:\/\/www.melopienso.com\/wp-content\/uploads\/2025\/05\/67199_pla_wildsterne_breed_golden_retriever_0-150x150.jpg 150w, https:\/\/www.melopienso.com\/wp-content\/uploads\/2025\/05\/67199_pla_wildsterne_breed_golden_retriever_0-768x768.jpg 768w\" sizes=\"auto, (max-width: 800px) 100vw, 800px\" \/><figcaption class=\"wp-element-caption\"><strong>Wildsterne Breed Selection Golden Retriever<\/strong><\/figcaption><\/figure>\n<\/div>\n<\/div>\n<\/div>\n\n\n\n<div class=\"wp-block-column has-border-color has-accent-background-color has-background is-layout-flow wp-container-core-column-is-layout-e2791b81 wp-block-column-is-layout-flow\" style=\"border-color:#ff6d4a;border-radius:10px;padding-top:var(--wp--preset--spacing--80);padding-right:var(--wp--preset--spacing--30);padding-bottom:var(--wp--preset--spacing--80);padding-left:var(--wp--preset--spacing--30)\">\n<figure class=\"wp-block-image size-full\"><a href=\"\/comparador\/\"><img loading=\"lazy\" decoding=\"async\" width=\"548\" height=\"548\" src=\"https:\/\/www.melopienso.com\/wp-content\/uploads\/2025\/05\/homepage-products.png\" alt=\"Comparador\" class=\"wp-image-52\" srcset=\"https:\/\/www.melopienso.com\/wp-content\/uploads\/2025\/05\/homepage-products.png 548w, https:\/\/www.melopienso.com\/wp-content\/uploads\/2025\/05\/homepage-products-300x300.png 300w, https:\/\/www.melopienso.com\/wp-content\/uploads\/2025\/05\/homepage-products-150x150.png 150w\" sizes=\"auto, (max-width: 548px) 100vw, 548px\" \/><\/a><\/figure>\n<\/div>\n<\/div>\n\n\n\n<div style=\"height:40px\" aria-hidden=\"true\" class=\"wp-block-spacer\"><\/div>\n<\/div><\/div>\n\n\n\n<div class=\"wp-block-cover alignfull is-light hestia-clear-top-padding\" style=\"min-height:564px;aspect-ratio:unset;\"><span aria-hidden=\"true\" class=\"wp-block-cover__background has-white-background-color has-background-dim-0 has-background-dim\"><\/span><div class=\"wp-block-cover__inner-container is-layout-flow wp-block-cover-is-layout-flow\">\n<div style=\"height:20px\" aria-hidden=\"true\" class=\"wp-block-spacer\"><\/div>\n\n\n\n<div style=\"height:100px\" aria-hidden=\"true\" class=\"wp-block-spacer\"><\/div>\n\n\n\n<div class=\"wp-block-columns container is-layout-flex wp-container-core-columns-is-layout-1146dd41 wp-block-columns-is-layout-flex\" style=\"padding-right:0;padding-left:0\">\n<div class=\"wp-block-column is-vertically-aligned-top is-layout-flow wp-block-column-is-layout-flow\">\n<h2 class=\"wp-block-heading has-text-align-center has-x-large-font-size\" style=\"font-style:normal;font-weight:400\">\u00a1Guau!<\/h2>\n\n\n\n<div class=\"wp-block-columns is-layout-flex wp-container-core-columns-is-layout-28f84493 wp-block-columns-is-layout-flex\">\n<div class=\"wp-block-column is-layout-flow wp-block-column-is-layout-flow\">\n<p>Hace unos a\u00f1os, tras adoptar mi primer perro y sin tener ni idea de casi nada del mundo perruno, todo eran dudas. \u00bfQu\u00e9 pienso darle a mi nueva compa\u00f1era?<\/p>\n\n\n\n<p>Y con veintipocos a\u00f1os el dinero no sobra, as\u00ed que\u2026 \u00bfMerece la pena gastar m\u00e1s en un pienso para mi perra? Y una vez me decida por uno, \u00bfd\u00f3nde lo encontrar\u00e9 m\u00e1s barato?<\/p>\n\n\n\n<p>A muchos due\u00f1os les pasa lo mismo: quieres cuidar la alimentaci\u00f3n de tu perro, pero a veces se juntan alquiler, facturas y alguna urgencia veterinaria. En esos casos, antes de recortar en calidad de pienso, algunos recurren a <a href=\"https:\/\/www.creditorapid.es\/\">pr\u00e9stamos r\u00e1pidos<\/a> online muy puntuales, revisando bien costes y plazos y devolvi\u00e9ndolos en poco tiempo para que la cuota encaje en el presupuesto mensual.<\/p>\n\n\n\n<p>De esos primeros momentos naci\u00f3 la idea de melopienso. Un lugar para informar y facilitar la vida a todos los que, como yo, se encontraban en esa situaci\u00f3n.<\/p>\n\n\n\n<p>Poco a poco esa idea fue tomando forma, ampli\u00e1ndose (y demor\u00e1ndose en su desarrollo), incluyendo cada vez m\u00e1s elementos que nos hiciera todo un poco m\u00e1s f\u00e1cil a todos aquellos amantes de los animales.<\/p>\n\n\n\n<p>Por eso he intentado recabar caracter\u00edsticas de cada pienso en el comparador de piensos para perro. Si tu mascota tiene una condici\u00f3n especial, podemos ayudarte a filtrar piensos espec\u00edficos para cada caso.<\/p>\n<\/div>\n\n\n\n<div class=\"wp-block-column is-layout-flow wp-block-column-is-layout-flow\">\n<p>\u00bfTienes un cachorro o tu perro es ya un adorable senior? Tambi\u00e9n puedes buscar producto adecuado para ellos.<\/p>\n\n\n\n<p>Cada d\u00eda se comprueban los precios de cada tienda de manera independiente para que puedas saber d\u00f3nde comprar el pienso que has elegido al mejor precio. F\u00e1cil, en unos pocos clicks.<\/p>\n\n\n\n<p>Sabemos que no es perfecto, y contamos con vuestra ayuda para, poco a poco, conseguir que lo sea. Esto es un esfuerzo individual, de mucho tiempo, que combina dos grandes pasiones como el mundo web y los animales de compa\u00f1\u00eda.<\/p>\n\n\n<div class=\"wp-block-image\">\n<figure class=\"alignright size-full\"><img loading=\"lazy\" decoding=\"async\" width=\"145\" height=\"145\" src=\"https:\/\/www.melopienso.com\/wp-content\/uploads\/2025\/05\/comparador-de-piensos-para-perros.png\" alt=\"\u00a1Guau!\" class=\"wp-image-93\"\/><\/figure>\n<\/div>\n\n\n<p>Gracias por leer el blog durante todo este tiempo. Espero que todo lo que est\u00e1 por llegar, que es mucho, os siga gustando tanto.<\/p>\n<\/div>\n<\/div>\n\n\n\n<h2 class=\"wp-block-heading has-text-align-center has-large-font-size\" style=\"font-style:normal;font-weight:400\">\u00bfConoces nuestro comparador de pienso para perros?<\/h2>\n\n\n\n<div class=\"wp-block-columns is-layout-flex wp-container-core-columns-is-layout-28f84493 wp-block-columns-is-layout-flex\">\n<div class=\"wp-block-column is-layout-flow wp-block-column-is-layout-flow\">\n<h2 class=\"wp-block-heading\" style=\"font-style:normal;font-weight:400\">Melopienso en\u2026<\/h2>\n\n\n\n<p>\u00bfNo es este tu pa\u00eds? Esto determinar\u00e1 los precios que se mostrar\u00e1n en el comparador:<\/p>\n<\/div>\n\n\n\n<div class=\"wp-block-column is-layout-flow wp-block-column-is-layout-flow\">\n<h2 class=\"wp-block-heading\" style=\"font-style:normal;font-weight:400\">P\u00e1ginas<\/h2>\n\n\n\n<ul id=\"menu-footer-pages\" class=\"wp-block-list\">\n<li><a href=\"\/\">Inicio<\/a><\/li>\n\n\n\n<li><a href=\"\/comparador\/\">Comparador de piensos<\/a><\/li>\n\n\n\n<li><a href=\"\/blog\/\">Blog<\/a><\/li>\n<\/ul>\n<\/div>\n\n\n\n<div class=\"wp-block-column is-layout-flow wp-block-column-is-layout-flow\">\n<h2 class=\"wp-block-heading\" style=\"font-style:normal;font-weight:400\">Partners<\/h2>\n\n\n\n<p>\u00bfQuieres colaborar con melopienso?<br>Visita nuestra p\u00e1gina para <a href=\"\/partners\/\">partners<\/a><\/p>\n<\/div>\n<\/div>\n<\/div>\n<\/div>\n\n\n\n<div style=\"height:100px\" aria-hidden=\"true\" class=\"wp-block-spacer\"><\/div>\n<\/div><\/div>\n\n\n\n<div class=\"wp-block-cover alignfull is-light has-custom-content-position is-position-bottom-center hestia-clear-top-padding\" style=\"min-height:564px;aspect-ratio:unset;\"><span aria-hidden=\"true\" class=\"wp-block-cover__background has-accent-background-color has-background-dim-100 has-background-dim\"><\/span><div class=\"wp-block-cover__inner-container is-layout-flow wp-block-cover-is-layout-flow\">\n<div style=\"height:40px\" aria-hidden=\"true\" class=\"wp-block-spacer\"><\/div>\n\n\n\n<div style=\"height:20px\" aria-hidden=\"true\" class=\"wp-block-spacer\"><\/div>\n\n\n\n<div class=\"wp-block-columns container is-layout-flex wp-container-core-columns-is-layout-1146dd41 wp-block-columns-is-layout-flex\" style=\"padding-right:0;padding-left:0\">\n<div class=\"wp-block-column is-vertically-aligned-center has-border-color has-accent-background-color has-background is-layout-flow wp-container-core-column-is-layout-b2a27621 wp-block-column-is-layout-flow\" style=\"border-color:#ff6d4a;border-radius:10px;padding-top:0;padding-right:0;padding-bottom:0;padding-left:0\">\n<h2 class=\"wp-block-heading has-text-align-center has-white-color has-text-color has-link-color wp-elements-f5d07bcd3fb4d568d5397a77fe8467d1\" style=\"font-size:80px\">Quizzes<\/h2>\n\n\n\n<p class=\"has-text-align-center has-white-color has-text-color has-link-color wp-elements-44f1630d705451d1353485e18dfe19d2\" style=\"font-size:23px\">\u00bfHas participado ya en nuestros trivials?<\/p>\n<\/div>\n\n\n\n<div class=\"wp-block-column is-layout-flow wp-block-column-is-layout-flow\"><div class=\"wp-block-image\">\n<figure class=\"alignright size-full\"><img loading=\"lazy\" decoding=\"async\" width=\"541\" height=\"500\" src=\"https:\/\/www.melopienso.com\/wp-content\/uploads\/2025\/05\/dog-quizzes.png\" alt=\"Quizzes\" class=\"wp-image-81\" srcset=\"https:\/\/www.melopienso.com\/wp-content\/uploads\/2025\/05\/dog-quizzes.png 541w, https:\/\/www.melopienso.com\/wp-content\/uploads\/2025\/05\/dog-quizzes-300x277.png 300w\" sizes=\"auto, (max-width: 541px) 100vw, 541px\" \/><\/figure>\n<\/div><\/div>\n<\/div>\n<\/div><\/div>\n","protected":false},"excerpt":{"rendered":"","protected":false},"author":1,"featured_media":0,"parent":0,"menu_order":0,"comment_status":"closed","ping_status":"closed","template":"","meta":{"footnotes":""},"class_list":["post-14","page","type-page","status-publish","hentry"],"yoast_head":"<!-- This site is optimized with the Yoast SEO plugin v25.1 - https:\/\/yoast.com\/wordpress\/plugins\/seo\/ -->\n<title>\u00a1Comparador, blog, y m\u00e1s! Comunidad de perros y gatos<\/title>\n<meta name=\"description\" content=\"Tu portal de mascotas. El primer comaprador de productos para perros y gatos. Compara entre m\u00e1s de 1000 productos y distintas tiendas para...\" \/>\n<meta name=\"robots\" content=\"index, follow, max-snippet:-1, max-image-preview:large, max-video-preview:-1\" \/>\n<link rel=\"canonical\" href=\"https:\/\/www.melopienso.com\/\" \/>\n<meta property=\"og:locale\" content=\"en_US\" \/>\n<meta property=\"og:type\" content=\"article\" \/>\n<meta property=\"og:title\" content=\"\u00a1Comparador, blog, y m\u00e1s! Comunidad de perros y gatos\" \/>\n<meta property=\"og:description\" content=\"Tu portal de mascotas. El primer comaprador de productos para perros y gatos. Compara entre m\u00e1s de 1000 productos y distintas tiendas para...\" \/>\n<meta property=\"og:url\" content=\"https:\/\/www.melopienso.com\/\" \/>\n<meta property=\"og:site_name\" content=\"www.melopienso.com\" \/>\n<meta property=\"article:modified_time\" content=\"2025-11-28T22:34:14+00:00\" \/>\n<meta property=\"og:image\" content=\"https:\/\/www.melopienso.com\/wp-content\/uploads\/2025\/05\/42745_pla_orijen_puppy_dog_8.jpg\" \/>\n\t<meta property=\"og:image:width\" content=\"800\" \/>\n\t<meta property=\"og:image:height\" content=\"800\" \/>\n\t<meta property=\"og:image:type\" content=\"image\/jpeg\" \/>\n<meta name=\"twitter:card\" content=\"summary_large_image\" \/>\n<meta name=\"twitter:label1\" content=\"Est. reading time\" \/>\n\t<meta name=\"twitter:data1\" content=\"4 minutes\" \/>\n<script type=\"application\/ld+json\" class=\"yoast-schema-graph\">{\"@context\":\"https:\/\/schema.org\",\"@graph\":[{\"@type\":\"WebPage\",\"@id\":\"https:\/\/www.melopienso.com\/\",\"url\":\"https:\/\/www.melopienso.com\/\",\"name\":\"\u00a1Comparador, blog, y m\u00e1s! Comunidad de perros y gatos\",\"isPartOf\":{\"@id\":\"https:\/\/www.melopienso.com\/#website\"},\"primaryImageOfPage\":{\"@id\":\"https:\/\/www.melopienso.com\/#primaryimage\"},\"image\":{\"@id\":\"https:\/\/www.melopienso.com\/#primaryimage\"},\"thumbnailUrl\":\"https:\/\/www.melopienso.com\/wp-content\/uploads\/2025\/05\/42745_pla_orijen_puppy_dog_8.jpg\",\"datePublished\":\"2025-05-20T16:03:35+00:00\",\"dateModified\":\"2025-11-28T22:34:14+00:00\",\"description\":\"Tu portal de mascotas. El primer comaprador de productos para perros y gatos. Compara entre m\u00e1s de 1000 productos y distintas tiendas para...\",\"breadcrumb\":{\"@id\":\"https:\/\/www.melopienso.com\/#breadcrumb\"},\"inLanguage\":\"en-US\",\"potentialAction\":[{\"@type\":\"ReadAction\",\"target\":[\"https:\/\/www.melopienso.com\/\"]}]},{\"@type\":\"ImageObject\",\"inLanguage\":\"en-US\",\"@id\":\"https:\/\/www.melopienso.com\/#primaryimage\",\"url\":\"https:\/\/www.melopienso.com\/wp-content\/uploads\/2025\/05\/42745_pla_orijen_puppy_dog_8.jpg\",\"contentUrl\":\"https:\/\/www.melopienso.com\/wp-content\/uploads\/2025\/05\/42745_pla_orijen_puppy_dog_8.jpg\",\"width\":800,\"height\":800},{\"@type\":\"BreadcrumbList\",\"@id\":\"https:\/\/www.melopienso.com\/#breadcrumb\",\"itemListElement\":[{\"@type\":\"ListItem\",\"position\":1,\"name\":\"Home\",\"item\":\"https:\/\/www.melopienso.com\/\"},{\"@type\":\"ListItem\",\"position\":2,\"name\":\"Home\"}]},{\"@type\":\"WebSite\",\"@id\":\"https:\/\/www.melopienso.com\/#website\",\"url\":\"https:\/\/www.melopienso.com\/\",\"name\":\"www.melopienso.com\",\"description\":\"\",\"publisher\":{\"@id\":\"https:\/\/www.melopienso.com\/#organization\"},\"potentialAction\":[{\"@type\":\"SearchAction\",\"target\":{\"@type\":\"EntryPoint\",\"urlTemplate\":\"https:\/\/www.melopienso.com\/?s={search_term_string}\"},\"query-input\":{\"@type\":\"PropertyValueSpecification\",\"valueRequired\":true,\"valueName\":\"search_term_string\"}}],\"inLanguage\":\"en-US\"},{\"@type\":\"Organization\",\"@id\":\"https:\/\/www.melopienso.com\/#organization\",\"name\":\"www.melopienso.com\",\"url\":\"https:\/\/www.melopienso.com\/\",\"logo\":{\"@type\":\"ImageObject\",\"inLanguage\":\"en-US\",\"@id\":\"https:\/\/www.melopienso.com\/#\/schema\/logo\/image\/\",\"url\":\"https:\/\/www.melopienso.com\/wp-content\/uploads\/2025\/05\/melopienso-logo-white-1.png\",\"contentUrl\":\"https:\/\/www.melopienso.com\/wp-content\/uploads\/2025\/05\/melopienso-logo-white-1.png\",\"width\":136,\"height\":33,\"caption\":\"www.melopienso.com\"},\"image\":{\"@id\":\"https:\/\/www.melopienso.com\/#\/schema\/logo\/image\/\"}}]}<\/script>\n<!-- \/ Yoast SEO plugin. -->","yoast_head_json":{"title":"\u00a1Comparador, blog, y m\u00e1s! Comunidad de perros y gatos","description":"Tu portal de mascotas. El primer comaprador de productos para perros y gatos. Compara entre m\u00e1s de 1000 productos y distintas tiendas para...","robots":{"index":"index","follow":"follow","max-snippet":"max-snippet:-1","max-image-preview":"max-image-preview:large","max-video-preview":"max-video-preview:-1"},"canonical":"https:\/\/www.melopienso.com\/","og_locale":"en_US","og_type":"article","og_title":"\u00a1Comparador, blog, y m\u00e1s! Comunidad de perros y gatos","og_description":"Tu portal de mascotas. El primer comaprador de productos para perros y gatos. Compara entre m\u00e1s de 1000 productos y distintas tiendas para...","og_url":"https:\/\/www.melopienso.com\/","og_site_name":"www.melopienso.com","article_modified_time":"2025-11-28T22:34:14+00:00","og_image":[{"width":800,"height":800,"url":"https:\/\/www.melopienso.com\/wp-content\/uploads\/2025\/05\/42745_pla_orijen_puppy_dog_8.jpg","type":"image\/jpeg"}],"twitter_card":"summary_large_image","twitter_misc":{"Est. reading time":"4 minutes"},"schema":{"@context":"https:\/\/schema.org","@graph":[{"@type":"WebPage","@id":"https:\/\/www.melopienso.com\/","url":"https:\/\/www.melopienso.com\/","name":"\u00a1Comparador, blog, y m\u00e1s! Comunidad de perros y gatos","isPartOf":{"@id":"https:\/\/www.melopienso.com\/#website"},"primaryImageOfPage":{"@id":"https:\/\/www.melopienso.com\/#primaryimage"},"image":{"@id":"https:\/\/www.melopienso.com\/#primaryimage"},"thumbnailUrl":"https:\/\/www.melopienso.com\/wp-content\/uploads\/2025\/05\/42745_pla_orijen_puppy_dog_8.jpg","datePublished":"2025-05-20T16:03:35+00:00","dateModified":"2025-11-28T22:34:14+00:00","description":"Tu portal de mascotas. El primer comaprador de productos para perros y gatos. Compara entre m\u00e1s de 1000 productos y distintas tiendas para...","breadcrumb":{"@id":"https:\/\/www.melopienso.com\/#breadcrumb"},"inLanguage":"en-US","potentialAction":[{"@type":"ReadAction","target":["https:\/\/www.melopienso.com\/"]}]},{"@type":"ImageObject","inLanguage":"en-US","@id":"https:\/\/www.melopienso.com\/#primaryimage","url":"https:\/\/www.melopienso.com\/wp-content\/uploads\/2025\/05\/42745_pla_orijen_puppy_dog_8.jpg","contentUrl":"https:\/\/www.melopienso.com\/wp-content\/uploads\/2025\/05\/42745_pla_orijen_puppy_dog_8.jpg","width":800,"height":800},{"@type":"BreadcrumbList","@id":"https:\/\/www.melopienso.com\/#breadcrumb","itemListElement":[{"@type":"ListItem","position":1,"name":"Home","item":"https:\/\/www.melopienso.com\/"},{"@type":"ListItem","position":2,"name":"Home"}]},{"@type":"WebSite","@id":"https:\/\/www.melopienso.com\/#website","url":"https:\/\/www.melopienso.com\/","name":"www.melopienso.com","description":"","publisher":{"@id":"https:\/\/www.melopienso.com\/#organization"},"potentialAction":[{"@type":"SearchAction","target":{"@type":"EntryPoint","urlTemplate":"https:\/\/www.melopienso.com\/?s={search_term_string}"},"query-input":{"@type":"PropertyValueSpecification","valueRequired":true,"valueName":"search_term_string"}}],"inLanguage":"en-US"},{"@type":"Organization","@id":"https:\/\/www.melopienso.com\/#organization","name":"www.melopienso.com","url":"https:\/\/www.melopienso.com\/","logo":{"@type":"ImageObject","inLanguage":"en-US","@id":"https:\/\/www.melopienso.com\/#\/schema\/logo\/image\/","url":"https:\/\/www.melopienso.com\/wp-content\/uploads\/2025\/05\/melopienso-logo-white-1.png","contentUrl":"https:\/\/www.melopienso.com\/wp-content\/uploads\/2025\/05\/melopienso-logo-white-1.png","width":136,"height":33,"caption":"www.melopienso.com"},"image":{"@id":"https:\/\/www.melopienso.com\/#\/schema\/logo\/image\/"}}]}},"_links":{"self":[{"href":"https:\/\/www.melopienso.com\/index.php\/wp-json\/wp\/v2\/pages\/14","targetHints":{"allow":["GET"]}}],"collection":[{"href":"https:\/\/www.melopienso.com\/index.php\/wp-json\/wp\/v2\/pages"}],"about":[{"href":"https:\/\/www.melopienso.com\/index.php\/wp-json\/wp\/v2\/types\/page"}],"author":[{"embeddable":true,"href":"https:\/\/www.melopienso.com\/index.php\/wp-json\/wp\/v2\/users\/1"}],"replies":[{"embeddable":true,"href":"https:\/\/www.melopienso.com\/index.php\/wp-json\/wp\/v2\/comments?post=14"}],"version-history":[{"count":33,"href":"https:\/\/www.melopienso.com\/index.php\/wp-json\/wp\/v2\/pages\/14\/revisions"}],"predecessor-version":[{"id":293,"href":"https:\/\/www.melopienso.com\/index.php\/wp-json\/wp\/v2\/pages\/14\/revisions\/293"}],"wp:attachment":[{"href":"https:\/\/www.melopienso.com\/index.php\/wp-json\/wp\/v2\/media?parent=14"}],"curies":[{"name":"wp","href":"https:\/\/api.w.org\/{rel}","templated":true}]}}