{"id":281,"date":"2025-05-20T19:55:49","date_gmt":"2025-05-20T19:55:49","guid":{"rendered":"https:\/\/www.melopienso.com\/?page_id=281"},"modified":"2025-05-20T19:55:56","modified_gmt":"2025-05-20T19:55:56","slug":"comparador-de-piensos-para-perro","status":"publish","type":"page","link":"https:\/\/www.melopienso.com\/comparador\/","title":{"rendered":"Comparador de piensos para perro"},"content":{"rendered":"\n<p>\u00a1Bienvenid@ al primer comparador de piensos para perros! Debajo podr\u00e1s encontrar m\u00e1s de 1.000 productos de piensos y comida h\u00fameda para tu peludo.<\/p>\n\n\n\n<h2 class=\"wp-block-heading\">m\u00e1s<\/h2>\n\n\n\n<p>Utiliza los filtros para acotar la b\u00fasqueda. Puedes ver productos s\u00f3lo por alguna de sus caracter\u00edsticas o, si ya sabes qu\u00e9 producto quieres, puedes poner su nombre en la barra de b\u00fasqueda.<\/p>\n","protected":false},"excerpt":{"rendered":"<p>\u00a1Bienvenid@ al primer comparador de piensos para perros! Debajo podr\u00e1s encontrar m\u00e1s de 1.000 productos de piensos y comida h\u00fameda para tu peludo. m\u00e1s Utiliza los filtros para acotar la b\u00fasqueda. Puedes ver productos s\u00f3lo por alguna de sus caracter\u00edsticas o, si ya sabes qu\u00e9 producto quieres, puedes poner su [&hellip;]<\/p>\n","protected":false},"author":1,"featured_media":0,"parent":0,"menu_order":0,"comment_status":"closed","ping_status":"closed","template":"","meta":{"footnotes":""},"class_list":["post-281","page","type-page","status-publish","hentry"],"yoast_head":"<!-- This site is optimized with the Yoast SEO plugin v25.1 - https:\/\/yoast.com\/wordpress\/plugins\/seo\/ -->\n<title>Comparador de piensos para perro - www.melopienso.com<\/title>\n<meta name=\"description\" content=\"Debajo podr\u00e1s encotrar m\u00e1s de 1.000 productos de piensos y comia h\u00fameda para tu peludo.\" \/>\n<meta name=\"robots\" content=\"index, follow, max-snippet:-1, max-image-preview:large, max-video-preview:-1\" \/>\n<link rel=\"canonical\" href=\"https:\/\/www.melopienso.com\/comparador\/\" \/>\n<meta property=\"og:locale\" content=\"en_US\" \/>\n<meta property=\"og:type\" content=\"article\" \/>\n<meta property=\"og:title\" content=\"Comparador de piensos para perro - www.melopienso.com\" \/>\n<meta property=\"og:description\" content=\"Debajo podr\u00e1s encotrar m\u00e1s de 1.000 productos de piensos y comia h\u00fameda para tu peludo.\" \/>\n<meta property=\"og:url\" content=\"https:\/\/www.melopienso.com\/comparador\/\" \/>\n<meta property=\"og:site_name\" content=\"www.melopienso.com\" \/>\n<meta property=\"article:modified_time\" content=\"2025-05-20T19:55:56+00:00\" \/>\n<meta name=\"twitter:card\" content=\"summary_large_image\" \/>\n<meta name=\"twitter:label1\" content=\"Est. reading time\" \/>\n\t<meta name=\"twitter:data1\" content=\"1 minute\" \/>\n<script type=\"application\/ld+json\" class=\"yoast-schema-graph\">{\"@context\":\"https:\/\/schema.org\",\"@graph\":[{\"@type\":\"WebPage\",\"@id\":\"https:\/\/www.melopienso.com\/comparador\/\",\"url\":\"https:\/\/www.melopienso.com\/comparador\/\",\"name\":\"Comparador de piensos para perro - www.melopienso.com\",\"isPartOf\":{\"@id\":\"https:\/\/www.melopienso.com\/#website\"},\"datePublished\":\"2025-05-20T19:55:49+00:00\",\"dateModified\":\"2025-05-20T19:55:56+00:00\",\"description\":\"Debajo podr\u00e1s encotrar m\u00e1s de 1.000 productos de piensos y comia h\u00fameda para tu peludo.\",\"breadcrumb\":{\"@id\":\"https:\/\/www.melopienso.com\/comparador\/#breadcrumb\"},\"inLanguage\":\"en-US\",\"potentialAction\":[{\"@type\":\"ReadAction\",\"target\":[\"https:\/\/www.melopienso.com\/comparador\/\"]}]},{\"@type\":\"BreadcrumbList\",\"@id\":\"https:\/\/www.melopienso.com\/comparador\/#breadcrumb\",\"itemListElement\":[{\"@type\":\"ListItem\",\"position\":1,\"name\":\"Home\",\"item\":\"https:\/\/www.melopienso.com\/\"},{\"@type\":\"ListItem\",\"position\":2,\"name\":\"Comparador de piensos para perro\"}]},{\"@type\":\"WebSite\",\"@id\":\"https:\/\/www.melopienso.com\/#website\",\"url\":\"https:\/\/www.melopienso.com\/\",\"name\":\"www.melopienso.com\",\"description\":\"\",\"publisher\":{\"@id\":\"https:\/\/www.melopienso.com\/#organization\"},\"potentialAction\":[{\"@type\":\"SearchAction\",\"target\":{\"@type\":\"EntryPoint\",\"urlTemplate\":\"https:\/\/www.melopienso.com\/?s={search_term_string}\"},\"query-input\":{\"@type\":\"PropertyValueSpecification\",\"valueRequired\":true,\"valueName\":\"search_term_string\"}}],\"inLanguage\":\"en-US\"},{\"@type\":\"Organization\",\"@id\":\"https:\/\/www.melopienso.com\/#organization\",\"name\":\"www.melopienso.com\",\"url\":\"https:\/\/www.melopienso.com\/\",\"logo\":{\"@type\":\"ImageObject\",\"inLanguage\":\"en-US\",\"@id\":\"https:\/\/www.melopienso.com\/#\/schema\/logo\/image\/\",\"url\":\"https:\/\/www.melopienso.com\/wp-content\/uploads\/2025\/05\/melopienso-logo-white-1.png\",\"contentUrl\":\"https:\/\/www.melopienso.com\/wp-content\/uploads\/2025\/05\/melopienso-logo-white-1.png\",\"width\":136,\"height\":33,\"caption\":\"www.melopienso.com\"},\"image\":{\"@id\":\"https:\/\/www.melopienso.com\/#\/schema\/logo\/image\/\"}}]}<\/script>\n<!-- \/ Yoast SEO plugin. -->","yoast_head_json":{"title":"Comparador de piensos para perro - www.melopienso.com","description":"Debajo podr\u00e1s encotrar m\u00e1s de 1.000 productos de piensos y comia h\u00fameda para tu peludo.","robots":{"index":"index","follow":"follow","max-snippet":"max-snippet:-1","max-image-preview":"max-image-preview:large","max-video-preview":"max-video-preview:-1"},"canonical":"https:\/\/www.melopienso.com\/comparador\/","og_locale":"en_US","og_type":"article","og_title":"Comparador de piensos para perro - www.melopienso.com","og_description":"Debajo podr\u00e1s encotrar m\u00e1s de 1.000 productos de piensos y comia h\u00fameda para tu peludo.","og_url":"https:\/\/www.melopienso.com\/comparador\/","og_site_name":"www.melopienso.com","article_modified_time":"2025-05-20T19:55:56+00:00","twitter_card":"summary_large_image","twitter_misc":{"Est. reading time":"1 minute"},"schema":{"@context":"https:\/\/schema.org","@graph":[{"@type":"WebPage","@id":"https:\/\/www.melopienso.com\/comparador\/","url":"https:\/\/www.melopienso.com\/comparador\/","name":"Comparador de piensos para perro - www.melopienso.com","isPartOf":{"@id":"https:\/\/www.melopienso.com\/#website"},"datePublished":"2025-05-20T19:55:49+00:00","dateModified":"2025-05-20T19:55:56+00:00","description":"Debajo podr\u00e1s encotrar m\u00e1s de 1.000 productos de piensos y comia h\u00fameda para tu peludo.","breadcrumb":{"@id":"https:\/\/www.melopienso.com\/comparador\/#breadcrumb"},"inLanguage":"en-US","potentialAction":[{"@type":"ReadAction","target":["https:\/\/www.melopienso.com\/comparador\/"]}]},{"@type":"BreadcrumbList","@id":"https:\/\/www.melopienso.com\/comparador\/#breadcrumb","itemListElement":[{"@type":"ListItem","position":1,"name":"Home","item":"https:\/\/www.melopienso.com\/"},{"@type":"ListItem","position":2,"name":"Comparador de piensos para perro"}]},{"@type":"WebSite","@id":"https:\/\/www.melopienso.com\/#website","url":"https:\/\/www.melopienso.com\/","name":"www.melopienso.com","description":"","publisher":{"@id":"https:\/\/www.melopienso.com\/#organization"},"potentialAction":[{"@type":"SearchAction","target":{"@type":"EntryPoint","urlTemplate":"https:\/\/www.melopienso.com\/?s={search_term_string}"},"query-input":{"@type":"PropertyValueSpecification","valueRequired":true,"valueName":"search_term_string"}}],"inLanguage":"en-US"},{"@type":"Organization","@id":"https:\/\/www.melopienso.com\/#organization","name":"www.melopienso.com","url":"https:\/\/www.melopienso.com\/","logo":{"@type":"ImageObject","inLanguage":"en-US","@id":"https:\/\/www.melopienso.com\/#\/schema\/logo\/image\/","url":"https:\/\/www.melopienso.com\/wp-content\/uploads\/2025\/05\/melopienso-logo-white-1.png","contentUrl":"https:\/\/www.melopienso.com\/wp-content\/uploads\/2025\/05\/melopienso-logo-white-1.png","width":136,"height":33,"caption":"www.melopienso.com"},"image":{"@id":"https:\/\/www.melopienso.com\/#\/schema\/logo\/image\/"}}]}},"_links":{"self":[{"href":"https:\/\/www.melopienso.com\/index.php\/wp-json\/wp\/v2\/pages\/281","targetHints":{"allow":["GET"]}}],"collection":[{"href":"https:\/\/www.melopienso.com\/index.php\/wp-json\/wp\/v2\/pages"}],"about":[{"href":"https:\/\/www.melopienso.com\/index.php\/wp-json\/wp\/v2\/types\/page"}],"author":[{"embeddable":true,"href":"https:\/\/www.melopienso.com\/index.php\/wp-json\/wp\/v2\/users\/1"}],"replies":[{"embeddable":true,"href":"https:\/\/www.melopienso.com\/index.php\/wp-json\/wp\/v2\/comments?post=281"}],"version-history":[{"count":1,"href":"https:\/\/www.melopienso.com\/index.php\/wp-json\/wp\/v2\/pages\/281\/revisions"}],"predecessor-version":[{"id":282,"href":"https:\/\/www.melopienso.com\/index.php\/wp-json\/wp\/v2\/pages\/281\/revisions\/282"}],"wp:attachment":[{"href":"https:\/\/www.melopienso.com\/index.php\/wp-json\/wp\/v2\/media?parent=281"}],"curies":[{"name":"wp","href":"https:\/\/api.w.org\/{rel}","templated":true}]}}